{"id":166,"date":"2015-12-14T10:00:32","date_gmt":"2015-12-14T10:00:32","guid":{"rendered":"https:\/\/kloe.qodeinteractive.com\/?page_id=166"},"modified":"2025-05-21T12:27:42","modified_gmt":"2025-05-21T12:27:42","slug":"contactar","status":"publish","type":"page","link":"https:\/\/zhendaya.com\/es\/contactar\/","title":{"rendered":"Contactar"},"content":{"rendered":"<section class=\"wpb-content-wrapper\"><div class=\"vc_row wpb_row vc_row-fluid qodef-section vc_custom_1450089820124 qodef-content-aligment-left qodef-grid-section\" style=\"\"><div class=\"clearfix qodef-section-inner\"><div class=\"qodef-section-inner-margin clearfix\"><div class=\"wpb_column vc_column_container vc_col-sm-12 vc_col-md-4\"><div class=\"vc_column-inner\"><div class=\"wpb_wrapper\">\n\t<div class=\"wpb_text_column wpb_content_element \" >\n\t\t<div class=\"wpb_wrapper\">\n\t\t\t<h6>Direcci\u00f3n de la tienda<\/h6>\n\n\t\t<\/div>\n\t<\/div>\n<div class=\"vc_empty_space\"   style=\"height: 4px\"><span class=\"vc_empty_space_inner\"><\/span><\/div>\n\t<div class=\"wpb_text_column wpb_content_element \" >\n\t\t<div class=\"wpb_wrapper\">\n\t\t\t<h2>Donde encontrarnos<\/h2>\n\n\t\t<\/div>\n\t<\/div>\n<div class=\"vc_empty_space\"   style=\"height: 40px\"><span class=\"vc_empty_space_inner\"><\/span><\/div><\/div><\/div><\/div><div class=\"wpb_column vc_column_container vc_col-sm-12 vc_col-md-4\"><div class=\"vc_column-inner\"><div class=\"wpb_wrapper\">\n\t<div class=\"wpb_text_column wpb_content_element \" >\n\t\t<div class=\"wpb_wrapper\">\n\t\t\t<p><a tabindex=\"0\" href=\"https:\/\/www.google.com\/maps\/place\/\/data=!4m2!3m1!1s0xd7a9f5037418063:0x8514c921929439dc?sa=X&amp;ved=1t:8290&amp;ictx=111\" data-url=\"\/maps\/place\/\/data=!4m2!3m1!1s0xd7a9f5037418063:0x8514c921929439dc?sa=X&amp;ved=2ahUKEwjulci5mMSMAxVjU6QEHbAoNqgQ4kB6BAgFEAA\" target=\"_blank\" rel=\"noopener\">C. Lopan, 37, 04008 Almer\u00eda<\/a><\/p>\n<p>Correo electr\u00f3nico: info@zhendaya.com<\/p>\n<p>Tel\u00e9fono: 950 67 66 14<\/p>\n\n\t\t<\/div>\n\t<\/div>\n<div class=\"vc_empty_space\"   style=\"height: 40px\"><span class=\"vc_empty_space_inner\"><\/span><\/div><\/div><\/div><\/div><\/div><\/div><\/div><div class=\"vc_row wpb_row vc_row-fluid qodef-section vc_custom_1450090640162 qodef-content-aligment-left qodef-grid-section\" style=\"\"><div class=\"clearfix qodef-section-inner\"><div class=\"qodef-section-inner-margin clearfix\"><div class=\"wpb_column vc_column_container vc_col-sm-12 vc_col-md-4\"><div class=\"vc_column-inner\"><div class=\"wpb_wrapper\">\n\t<div class=\"wpb_text_column wpb_content_element \" >\n\t\t<div class=\"wpb_wrapper\">\n\t\t\t<h6>Cont\u00e1ctame<\/h6>\n\n\t\t<\/div>\n\t<\/div>\n<div class=\"vc_empty_space\"   style=\"height: 6px\"><span class=\"vc_empty_space_inner\"><\/span><\/div>\n\t<div class=\"wpb_text_column wpb_content_element \" >\n\t\t<div class=\"wpb_wrapper\">\n\t\t\t<h2>\u00bfTienes dudas? \u00a1Escr\u00edbeme!<\/h2>\n\n\t\t<\/div>\n\t<\/div>\n<div class=\"vc_empty_space\"   style=\"height: 19px\"><span class=\"vc_empty_space_inner\"><\/span><\/div>\n\t<div class=\"wpb_text_column wpb_content_element \" >\n\t\t<div class=\"wpb_wrapper\">\n\t\t\t<p>En Zhendaya estoy para ayudarte en lo que necesites: ya sea elegir la talla ideal, conocer m\u00e1s detalles sobre un producto, hacer un pedido o simplemente inspirarte con las \u00faltimas tendencias.<\/p>\n\n\t\t<\/div>\n\t<\/div>\n<div class=\"vc_empty_space\"   style=\"height: 34px\"><span class=\"vc_empty_space_inner\"><\/span><\/div>\n\t<span class=\"qodef-icon-shortcode normal qodef-icon-hover-effect\" style=\"margin: 0 10px 0 2px\" data-hover-color=\"#ea9195\" data-color=\"#0e0e0e\">\n\t\t\t\t\t<a class=\"\" href=\"https:\/\/www.facebook.com\/QodeInteractive\/\" target=\"_blank\" rel=\"noopener\">\n\t\t\n\t\t<span aria-hidden=\"true\" class=\"qodef-icon-font-elegant social_facebook qodef-icon-element\" style=\"color: #0e0e0e;font-size:20px\" ><\/span>\n\t\t\t\t\t<\/a>\n\t\t\t\t\t\t\t<span class=\"qodef-icon-shader\" ><\/span>\n\t\t\t<\/span>\n\n\n\t<span class=\"qodef-icon-shortcode normal qodef-icon-hover-effect\" style=\"margin: 0 10px 0 3px\" data-hover-color=\"#ea9195\" data-color=\"#0e0e0e\">\n\t\t\t\t\t<a class=\"\" href=\"https:\/\/twitter.com\/QodeInteractive\" target=\"_blank\" rel=\"noopener\">\n\t\t\n\t\t<span aria-hidden=\"true\" class=\"qodef-icon-font-elegant social_twitter qodef-icon-element\" style=\"color: #0e0e0e;font-size:20px\" ><\/span>\n\t\t\t\t\t<\/a>\n\t\t\t\t\t\t\t<span class=\"qodef-icon-shader\" ><\/span>\n\t\t\t<\/span>\n\n\n\t<span class=\"qodef-icon-shortcode normal qodef-icon-hover-effect\" style=\"margin: 0 10px 0 3px\" data-hover-color=\"#ea9195\" data-color=\"#0e0e0e\">\n\t\t\t\t\t<a class=\"\" href=\"https:\/\/www.youtube.com\/QodeInteractiveVideos\" target=\"_blank\" rel=\"noopener\">\n\t\t\n\t\t<span aria-hidden=\"true\" class=\"qodef-icon-font-elegant social_youtube qodef-icon-element\" style=\"color: #0e0e0e;font-size:20px\" ><\/span>\n\t\t\t\t\t<\/a>\n\t\t\t\t\t\t\t<span class=\"qodef-icon-shader\" ><\/span>\n\t\t\t<\/span>\n\n\n\t<span class=\"qodef-icon-shortcode normal qodef-icon-hover-effect\" style=\"margin: 0 10px 0 3px\" data-hover-color=\"#ea9195\" data-color=\"#0e0e0e\">\n\t\t\t\t\t<a class=\"\" href=\"https:\/\/www.pinterest.com\/qodeinteractive\/\" target=\"_blank\" rel=\"noopener\">\n\t\t\n\t\t<span aria-hidden=\"true\" class=\"qodef-icon-font-elegant social_pinterest qodef-icon-element\" style=\"color: #0e0e0e;font-size:20px\" ><\/span>\n\t\t\t\t\t<\/a>\n\t\t\t\t\t\t\t<span class=\"qodef-icon-shader\" ><\/span>\n\t\t\t<\/span>\n\n\n\t<span class=\"qodef-icon-shortcode normal qodef-icon-hover-effect\" style=\"margin: 0 10px 0 2px\" data-hover-color=\"#ea9195\" data-color=\"#0e0e0e\">\n\t\t\t\t\t<a class=\"\" href=\"https:\/\/www.instagram.com\/qodeinteractive\/\" target=\"_blank\" rel=\"noopener\">\n\t\t\n\t\t<span aria-hidden=\"true\" class=\"qodef-icon-font-elegant social_instagram qodef-icon-element\" style=\"color: #0e0e0e;font-size:20px\" ><\/span>\n\t\t\t\t\t<\/a>\n\t\t\t\t\t\t\t<span class=\"qodef-icon-shader\" ><\/span>\n\t\t\t<\/span>\n\n<div class=\"vc_empty_space\"   style=\"height: 40px\"><span class=\"vc_empty_space_inner\"><\/span><\/div><\/div><\/div><\/div><div class=\"wpb_column vc_column_container vc_col-sm-12 vc_col-md-8\"><div class=\"vc_column-inner\"><div class=\"wpb_wrapper\"><div class=\"vc_empty_space\"   style=\"height: 1px\"><span class=\"vc_empty_space_inner\"><\/span><\/div><div data-qodef-parallax-speed=\"1\" class=\"vc_row wpb_row vc_inner vc_row-fluid qodef-section qodef-content-aligment-right\" style=\"\"><div class=\"qodef-full-section-inner\"><div class=\"wpb_column vc_column_container vc_col-sm-12\"><div class=\"vc_column-inner\"><div class=\"wpb_wrapper\">\n<div class=\"wpcf7 no-js\" id=\"wpcf7-f44-o1\" lang=\"en-US\" dir=\"ltr\" data-wpcf7-id=\"44\">\n<div class=\"screen-reader-response\"><p role=\"status\" aria-live=\"polite\" aria-atomic=\"true\"><\/p> <ul><\/ul><\/div>\n<form action=\"\/es\/wp-json\/wp\/v2\/pages\/166#wpcf7-f44-o1\" method=\"post\" class=\"wpcf7-form init demo\" aria-label=\"Contact form\" novalidate=\"novalidate\" data-status=\"init\">\n<fieldset class=\"hidden-fields-container\"><input type=\"hidden\" name=\"_wpcf7\" value=\"44\" \/><input type=\"hidden\" name=\"_wpcf7_version\" value=\"6.1.5\" \/><input type=\"hidden\" name=\"_wpcf7_locale\" value=\"en_US\" \/><input type=\"hidden\" name=\"_wpcf7_unit_tag\" value=\"wpcf7-f44-o1\" \/><input type=\"hidden\" name=\"_wpcf7_container_post\" value=\"0\" \/><input type=\"hidden\" name=\"_wpcf7_posted_data_hash\" value=\"\" \/>\n<\/fieldset>\n<div class=\"qodef-three-columns\">\n\t<div class=\"qodef-three-columns-inner\">\n\t\t<div class=\"qodef-column\">\n\t\t\t<div class=\"qodef-column-inner\">\n\t\t\t\t<p><span class=\"wpcf7-form-control-wrap\" data-name=\"your-name\"><input size=\"40\" maxlength=\"400\" class=\"wpcf7-form-control wpcf7-text wpcf7-validates-as-required\" aria-required=\"true\" aria-invalid=\"false\" placeholder=\"Nombre\" value=\"\" type=\"text\" name=\"your-name\" \/><\/span>\n\t\t\t\t<\/p>\n\t\t\t<\/div>\n\t\t<\/div>\n\t\t<div class=\"qodef-column\">\n\t\t\t<div class=\"qodef-column-inner\">\n\t\t\t\t<p><span class=\"wpcf7-form-control-wrap\" data-name=\"your-email\"><input size=\"40\" maxlength=\"400\" class=\"wpcf7-form-control wpcf7-email wpcf7-validates-as-required wpcf7-text wpcf7-validates-as-email\" aria-required=\"true\" aria-invalid=\"false\" placeholder=\"Correo electr\u00f3nico\" value=\"\" type=\"email\" name=\"your-email\" \/><\/span>\n\t\t\t\t<\/p>\n\t\t\t<\/div>\n\t\t<\/div>\n\t\t<div class=\"qodef-column\">\n\t\t\t<div class=\"qodef-column-inner\">\n\t\t\t\t<p><span class=\"wpcf7-form-control-wrap\" data-name=\"your-subject\"><input size=\"40\" maxlength=\"400\" class=\"wpcf7-form-control wpcf7-text\" aria-invalid=\"false\" placeholder=\"Asunto\" value=\"\" type=\"text\" name=\"your-subject\" \/><\/span>\n\t\t\t\t<\/p>\n\t\t\t<\/div>\n\t\t<\/div>\n\t<\/div>\n<\/div>\n<div>\n\t<p><span class=\"wpcf7-form-control-wrap\" data-name=\"your-message\"><textarea cols=\"40\" rows=\"10\" maxlength=\"2000\" class=\"wpcf7-form-control wpcf7-textarea\" aria-invalid=\"false\" placeholder=\"Mensaje\" name=\"your-message\"><\/textarea><\/span>\n\t<\/p>\n<\/div>\n<div>\n\t<p><input class=\"wpcf7-form-control wpcf7-submit has-spinner\" type=\"submit\" value=\"Enviar Mensaje\" \/>\n\t<\/p>\n<\/div><div class=\"wpcf7-response-output\" aria-hidden=\"true\"><\/div>\n<\/form>\n<\/div>\n<div class=\"vc_empty_space\"   style=\"height: 40px\"><span class=\"vc_empty_space_inner\"><\/span><\/div><\/div><\/div><\/div><\/div><\/div><\/div><\/div><\/div><\/div><\/div><\/div>\n<\/section>","protected":false},"excerpt":{"rendered":"Direcci\u00f3n de la tienda Donde encontrarnos C. Lopan, 37, 04008 Almer\u00eda Correo electr\u00f3nico: info@zhendaya.com Tel\u00e9fono: 950 67 66 14 Cont\u00e1ctame \u00bfTienes dudas? \u00a1Escr\u00edbeme! En Zhendaya estoy para ayudarte en lo que necesites: ya sea elegir la talla ideal, conocer m\u00e1s detalles sobre un producto, hacer...","protected":false},"author":1,"featured_media":0,"parent":0,"menu_order":0,"comment_status":"closed","ping_status":"closed","template":"full-width.php","meta":{"footnotes":""},"class_list":["post-166","page","type-page","status-publish","hentry"],"jetpack_sharing_enabled":true,"_links":{"self":[{"href":"https:\/\/zhendaya.com\/es\/wp-json\/wp\/v2\/pages\/166","targetHints":{"allow":["GET"]}}],"collection":[{"href":"https:\/\/zhendaya.com\/es\/wp-json\/wp\/v2\/pages"}],"about":[{"href":"https:\/\/zhendaya.com\/es\/wp-json\/wp\/v2\/types\/page"}],"author":[{"embeddable":true,"href":"https:\/\/zhendaya.com\/es\/wp-json\/wp\/v2\/users\/1"}],"replies":[{"embeddable":true,"href":"https:\/\/zhendaya.com\/es\/wp-json\/wp\/v2\/comments?post=166"}],"version-history":[{"count":15,"href":"https:\/\/zhendaya.com\/es\/wp-json\/wp\/v2\/pages\/166\/revisions"}],"predecessor-version":[{"id":3762,"href":"https:\/\/zhendaya.com\/es\/wp-json\/wp\/v2\/pages\/166\/revisions\/3762"}],"wp:attachment":[{"href":"https:\/\/zhendaya.com\/es\/wp-json\/wp\/v2\/media?parent=166"}],"curies":[{"name":"wp","href":"https:\/\/api.w.org\/{rel}","templated":true}]}}