{"id":215,"date":"2015-12-14T12:13:01","date_gmt":"2015-12-14T12:13:01","guid":{"rendered":"https:\/\/kloe.qodeinteractive.com\/?page_id=215"},"modified":"2025-04-03T23:26:17","modified_gmt":"2025-04-03T23:26:17","slug":"preguntas-frecuentes","status":"publish","type":"page","link":"https:\/\/zhendaya.com\/es\/preguntas-frecuentes\/","title":{"rendered":"Preguntas frecuentes"},"content":{"rendered":"<section class=\"wpb-content-wrapper\"><div class=\"vc_row wpb_row vc_row-fluid qodef-section vc_custom_1451044429506 qodef-content-aligment-left qodef-grid-section\" style=\"\"><div class=\"clearfix qodef-section-inner\"><div class=\"qodef-section-inner-margin clearfix\"><div class=\"wpb_column vc_column_container vc_col-sm-12 vc_col-md-7\"><div class=\"vc_column-inner\"><div class=\"wpb_wrapper\"><div class=\"qodef-accordion-holder clearfix qodef-accordion qodef-boxed qodef-accordion-dark \">\n\t<h5 class=\"clearfix qodef-title-holder\">\n\t<span class=\"qodef-accordion-mark qodef-left-mark\">\n\t\t<span class=\"qodef-accordion-mark-icon\">\n\t\t\t<i class=\"fa fa-minus\"><\/i>\n\t\t\t<i class=\"fa fa-plus\"><\/i>\n\t\t<\/span>\n\t<\/span>\n\t<span class=\"qodef-tab-title\">\n\t\t<span class=\"qodef-tab-title-inner\">\n\t\t\t\u00bfD\u00f3nde se encuentra la tienda Zhendaya?\t\t<\/span>\n\t<\/span>\n<\/h5>\n<div class=\"qodef-accordion-content\">\n\t<div class=\"qodef-accordion-content-inner\">\n\t\t\n\t<div class=\"wpb_text_column wpb_content_element \" >\n\t\t<div class=\"wpb_wrapper\">\n\t\t\t<p>Nuestra tienda est\u00e1 ubicada en <strong data-start=\"539\" data-end=\"573\">Calle Lopan, 37, 04008 Almer\u00eda<\/strong>, en el coraz\u00f3n de la ciudad, para que puedas disfrutar de una experiencia de compra c\u00f3moda y personalizada.<\/p>\n\n\t\t<\/div>\n\t<\/div>\n\t<\/div>\n<\/div>\n<h5 class=\"clearfix qodef-title-holder\">\n\t<span class=\"qodef-accordion-mark qodef-left-mark\">\n\t\t<span class=\"qodef-accordion-mark-icon\">\n\t\t\t<i class=\"fa fa-minus\"><\/i>\n\t\t\t<i class=\"fa fa-plus\"><\/i>\n\t\t<\/span>\n\t<\/span>\n\t<span class=\"qodef-tab-title\">\n\t\t<span class=\"qodef-tab-title-inner\">\n\t\t\t\u00bfCu\u00e1l es el horario de la tienda?\t\t<\/span>\n\t<\/span>\n<\/h5>\n<div class=\"qodef-accordion-content\">\n\t<div class=\"qodef-accordion-content-inner\">\n\t\t\n\t<div class=\"wpb_text_column wpb_content_element \" >\n\t\t<div class=\"wpb_wrapper\">\n\t\t\t<p class=\"\" data-start=\"683\" data-end=\"770\">Puedes visitarnos en el siguiente horario:<\/p>\n<ul data-start=\"771\" data-end=\"903\">\n<li class=\"\" data-start=\"771\" data-end=\"824\">\n<p class=\"\" data-start=\"773\" data-end=\"824\"><strong data-start=\"773\" data-end=\"792\">Lunes a jueves:<\/strong> 09:30 &#8211; 14:00 y 17:00 &#8211; 20:30<\/p>\n<\/li>\n<li class=\"\" data-start=\"825\" data-end=\"880\">\n<p class=\"\" data-start=\"827\" data-end=\"880\"><strong data-start=\"827\" data-end=\"848\">Viernes y s\u00e1bado:<\/strong> 09:30 &#8211; 14:00 y 17:00 &#8211; 20:30<\/p>\n<\/li>\n<li class=\"\" data-start=\"881\" data-end=\"903\">\n<p class=\"\" data-start=\"883\" data-end=\"903\"><strong data-start=\"883\" data-end=\"895\">Domingo:<\/strong> Cerrado<\/p>\n<\/li>\n<\/ul>\n\n\t\t<\/div>\n\t<\/div>\n\t<\/div>\n<\/div>\n<h5 class=\"clearfix qodef-title-holder\">\n\t<span class=\"qodef-accordion-mark qodef-left-mark\">\n\t\t<span class=\"qodef-accordion-mark-icon\">\n\t\t\t<i class=\"fa fa-minus\"><\/i>\n\t\t\t<i class=\"fa fa-plus\"><\/i>\n\t\t<\/span>\n\t<\/span>\n\t<span class=\"qodef-tab-title\">\n\t\t<span class=\"qodef-tab-title-inner\">\n\t\t\t\u00bfC\u00f3mo puedo hacer un pedido en l\u00ednea?\t\t<\/span>\n\t<\/span>\n<\/h5>\n<div class=\"qodef-accordion-content\">\n\t<div class=\"qodef-accordion-content-inner\">\n\t\t\n\t<div class=\"wpb_text_column wpb_content_element \" >\n\t\t<div class=\"wpb_wrapper\">\n\t\t\t<p>Realizar un pedido en nuestra tienda online es muy f\u00e1cil. Solo tienes que elegir los productos que te gustan, a\u00f1adirlos al carrito y completar el proceso de pago. Aceptamos pagos con tarjeta de cr\u00e9dito\/d\u00e9bito y PayPal, para que puedas elegir el m\u00e9todo que m\u00e1s te convenga.<\/p>\n\n\t\t<\/div>\n\t<\/div>\n\t<\/div>\n<\/div>\n<h5 class=\"clearfix qodef-title-holder\">\n\t<span class=\"qodef-accordion-mark qodef-left-mark\">\n\t\t<span class=\"qodef-accordion-mark-icon\">\n\t\t\t<i class=\"fa fa-minus\"><\/i>\n\t\t\t<i class=\"fa fa-plus\"><\/i>\n\t\t<\/span>\n\t<\/span>\n\t<span class=\"qodef-tab-title\">\n\t\t<span class=\"qodef-tab-title-inner\">\n\t\t\t\u00bfCu\u00e1les son las opciones de pago disponibles?\t\t<\/span>\n\t<\/span>\n<\/h5>\n<div class=\"qodef-accordion-content\">\n\t<div class=\"qodef-accordion-content-inner\">\n\t\t\n\t<div class=\"wpb_text_column wpb_content_element \" >\n\t\t<div class=\"wpb_wrapper\">\n\t\t\t<p class=\"\" data-start=\"1226\" data-end=\"1324\">Ofrecemos varios m\u00e9todos de pago seguros:<\/p>\n<ul data-start=\"1325\" data-end=\"1479\">\n<li class=\"\" data-start=\"1325\" data-end=\"1402\">\n<p class=\"\" data-start=\"1327\" data-end=\"1402\"><strong data-start=\"1327\" data-end=\"1357\">Tarjetas de cr\u00e9dito\/d\u00e9bito<\/strong> (Visa, MasterCard, American Express, etc.)<\/p>\n<\/li>\n<li class=\"\" data-start=\"1403\" data-end=\"1417\">\n<p class=\"\" data-start=\"1405\" data-end=\"1417\"><strong data-start=\"1405\" data-end=\"1415\">PayPal<\/strong><\/p>\n<\/li>\n<\/ul>\n\n\t\t<\/div>\n\t<\/div>\n\t<\/div>\n<\/div>\n<h5 class=\"clearfix qodef-title-holder\">\n\t<span class=\"qodef-accordion-mark qodef-left-mark\">\n\t\t<span class=\"qodef-accordion-mark-icon\">\n\t\t\t<i class=\"fa fa-minus\"><\/i>\n\t\t\t<i class=\"fa fa-plus\"><\/i>\n\t\t<\/span>\n\t<\/span>\n\t<span class=\"qodef-tab-title\">\n\t\t<span class=\"qodef-tab-title-inner\">\n\t\t\t\u00bfRealizan env\u00edos a toda Espa\u00f1a?\t\t<\/span>\n\t<\/span>\n<\/h5>\n<div class=\"qodef-accordion-content\">\n\t<div class=\"qodef-accordion-content-inner\">\n\t\t\n\t<div class=\"wpb_text_column wpb_content_element \" >\n\t\t<div class=\"wpb_wrapper\">\n\t\t\t<p>S\u00ed, realizamos env\u00edos a toda Espa\u00f1a, con opciones de env\u00edo r\u00e1pido y seguro. Si prefieres, puedes visitar nuestra tienda f\u00edsica en Almer\u00eda para hacer tus compras directamente.<\/p>\n\n\t\t<\/div>\n\t<\/div>\n\t<\/div>\n<\/div>\n<h5 class=\"clearfix qodef-title-holder\">\n\t<span class=\"qodef-accordion-mark qodef-left-mark\">\n\t\t<span class=\"qodef-accordion-mark-icon\">\n\t\t\t<i class=\"fa fa-minus\"><\/i>\n\t\t\t<i class=\"fa fa-plus\"><\/i>\n\t\t<\/span>\n\t<\/span>\n\t<span class=\"qodef-tab-title\">\n\t\t<span class=\"qodef-tab-title-inner\">\n\t\t\t\u00bfCu\u00e1nto tarda en llegar mi pedido?\t\t<\/span>\n\t<\/span>\n<\/h5>\n<div class=\"qodef-accordion-content\">\n\t<div class=\"qodef-accordion-content-inner\">\n\t\t\n\t<div class=\"wpb_text_column wpb_content_element \" >\n\t\t<div class=\"wpb_wrapper\">\n\t\t\t<p>El tiempo estimado de entrega var\u00eda seg\u00fan la ubicaci\u00f3n, pero generalmente los pedidos se entregan entre 3 y 7 d\u00edas laborables. Recibir\u00e1s un n\u00famero de seguimiento para que puedas rastrear tu pedido.<\/p>\n\n\t\t<\/div>\n\t<\/div>\n\t<\/div>\n<\/div>\n<h5 class=\"clearfix qodef-title-holder\">\n\t<span class=\"qodef-accordion-mark qodef-left-mark\">\n\t\t<span class=\"qodef-accordion-mark-icon\">\n\t\t\t<i class=\"fa fa-minus\"><\/i>\n\t\t\t<i class=\"fa fa-plus\"><\/i>\n\t\t<\/span>\n\t<\/span>\n\t<span class=\"qodef-tab-title\">\n\t\t<span class=\"qodef-tab-title-inner\">\n\t\t\t\u00bfPuedo devolver o cambiar un art\u00edculo si no me gusta?\t\t<\/span>\n\t<\/span>\n<\/h5>\n<div class=\"qodef-accordion-content\">\n\t<div class=\"qodef-accordion-content-inner\">\n\t\t\n\t<div class=\"wpb_text_column wpb_content_element \" >\n\t\t<div class=\"wpb_wrapper\">\n\t\t\t<p>S\u00ed, aceptamos devoluciones dentro de los <strong data-start=\"2064\" data-end=\"2085\">14 d\u00edas naturales<\/strong> posteriores a la recepci\u00f3n del pedido. Los art\u00edculos deben estar en su estado original, sin usar y con las etiquetas intactas. Para m\u00e1s detalles, consulta nuestra pol\u00edtica de devoluciones.<\/p>\n\n\t\t<\/div>\n\t<\/div>\n\t<\/div>\n<\/div>\n<h5 class=\"clearfix qodef-title-holder\">\n\t<span class=\"qodef-accordion-mark qodef-left-mark\">\n\t\t<span class=\"qodef-accordion-mark-icon\">\n\t\t\t<i class=\"fa fa-minus\"><\/i>\n\t\t\t<i class=\"fa fa-plus\"><\/i>\n\t\t<\/span>\n\t<\/span>\n\t<span class=\"qodef-tab-title\">\n\t\t<span class=\"qodef-tab-title-inner\">\n\t\t\t\u00bfC\u00f3mo s\u00e9 qu\u00e9 talla elegir?\t\t<\/span>\n\t<\/span>\n<\/h5>\n<div class=\"qodef-accordion-content\">\n\t<div class=\"qodef-accordion-content-inner\">\n\t\t\n\t<div class=\"wpb_text_column wpb_content_element \" >\n\t\t<div class=\"wpb_wrapper\">\n\t\t\t<p>En cada producto encontrar\u00e1s una tabla de tallas que te ayudar\u00e1 a elegir la mejor opci\u00f3n. Si tienes dudas sobre qu\u00e9 talla elegir, no dudes en contactarnos. Estaremos encantados de ayudarte a encontrar la talla perfecta.<\/p>\n\n\t\t<\/div>\n\t<\/div>\n\t<\/div>\n<\/div>\n<h5 class=\"clearfix qodef-title-holder\">\n\t<span class=\"qodef-accordion-mark qodef-left-mark\">\n\t\t<span class=\"qodef-accordion-mark-icon\">\n\t\t\t<i class=\"fa fa-minus\"><\/i>\n\t\t\t<i class=\"fa fa-plus\"><\/i>\n\t\t<\/span>\n\t<\/span>\n\t<span class=\"qodef-tab-title\">\n\t\t<span class=\"qodef-tab-title-inner\">\n\t\t\t\u00bfOfrecen descuentos o promociones?\t\t<\/span>\n\t<\/span>\n<\/h5>\n<div class=\"qodef-accordion-content\">\n\t<div class=\"qodef-accordion-content-inner\">\n\t\t\n\t<div class=\"wpb_text_column wpb_content_element \" >\n\t\t<div class=\"wpb_wrapper\">\n\t\t\t<p>S\u00ed, en <strong data-start=\"2584\" data-end=\"2596\">Zhendaya<\/strong> organizamos promociones y descuentos exclusivos para nuestros clientes. Te recomendamos seguirnos en nuestras redes sociales y suscribirte a nuestro bolet\u00edn para estar al tanto de nuestras ofertas especiales y lanzamientos de nuevas colecciones.<\/p>\n\n\t\t<\/div>\n\t<\/div>\n\t<\/div>\n<\/div>\n<h5 class=\"clearfix qodef-title-holder\">\n\t<span class=\"qodef-accordion-mark qodef-left-mark\">\n\t\t<span class=\"qodef-accordion-mark-icon\">\n\t\t\t<i class=\"fa fa-minus\"><\/i>\n\t\t\t<i class=\"fa fa-plus\"><\/i>\n\t\t<\/span>\n\t<\/span>\n\t<span class=\"qodef-tab-title\">\n\t\t<span class=\"qodef-tab-title-inner\">\n\t\t\t\u00bfPuedo hacer un pedido desde fuera de Espa\u00f1a?\t\t<\/span>\n\t<\/span>\n<\/h5>\n<div class=\"qodef-accordion-content\">\n\t<div class=\"qodef-accordion-content-inner\">\n\t\t\n\t<div class=\"wpb_text_column wpb_content_element \" >\n\t\t<div class=\"wpb_wrapper\">\n\t\t\t<p>Actualmente, realizamos env\u00edos exclusivamente dentro de Espa\u00f1a. Si tienes alguna consulta sobre pedidos internacionales, no dudes en contactarnos y veremos c\u00f3mo podemos ayudarte.<\/p>\n\n\t\t<\/div>\n\t<\/div>\n\t<\/div>\n<\/div>\n<\/div><div class=\"vc_empty_space\"   style=\"height: 40px\"><span class=\"vc_empty_space_inner\"><\/span><\/div><\/div><\/div><\/div><div class=\"wpb_column vc_column_container vc_col-sm-12 vc_col-md-5\"><div class=\"vc_column-inner\"><div class=\"wpb_wrapper\">\n\t<div  class=\"wpb_single_image wpb_content_element vc_align_left\">\n\t\t\n\t\t<figure class=\"wpb_wrapper vc_figure\">\n\t\t\t<a href=\"#\" target=\"_self\" class=\"vc_single_image-wrapper   vc_box_border_grey\"><img loading=\"lazy\" decoding=\"async\" width=\"1360\" height=\"1020\" src=\"https:\/\/zhendaya.com\/wp-content\/uploads\/2025\/04\/unnamed-9.jpg\" class=\"vc_single_image-img attachment-full\" alt=\"\" title=\"unnamed (9)\" srcset=\"https:\/\/zhendaya.com\/wp-content\/uploads\/2025\/04\/unnamed-9.jpg 1360w, https:\/\/zhendaya.com\/wp-content\/uploads\/2025\/04\/unnamed-9-300x225.jpg 300w, https:\/\/zhendaya.com\/wp-content\/uploads\/2025\/04\/unnamed-9-1024x768.jpg 1024w, https:\/\/zhendaya.com\/wp-content\/uploads\/2025\/04\/unnamed-9-768x576.jpg 768w, https:\/\/zhendaya.com\/wp-content\/uploads\/2025\/04\/unnamed-9-800x600.jpg 800w, https:\/\/zhendaya.com\/wp-content\/uploads\/2025\/04\/unnamed-9-600x450.jpg 600w\" sizes=\"auto, (max-width: 1360px) 100vw, 1360px\" \/><\/a>\n\t\t<\/figure>\n\t<\/div>\n<div class=\"vc_empty_space\"   style=\"height: 23px\"><span class=\"vc_empty_space_inner\"><\/span><\/div>\n\t<div class=\"wpb_text_column wpb_content_element \" >\n\t\t<div class=\"wpb_wrapper\">\n\t\t\t<p>La calidad es una de sus principales prioridades. Trabajan con proveedores que garantizan la durabilidad y buen acabado de cada prenda. A pesar de ofrecer ropa de alta calidad, sus precios son muy competitivos, lo que permite a sus clientas encontrar piezas exclusivas sin tener que hacer grandes gastos.<\/p>\n\n\t\t<\/div>\n\t<\/div>\n<div class=\"vc_empty_space\"   style=\"height: 21px\"><span class=\"vc_empty_space_inner\"><\/span><\/div>\n\t<div class=\"wpb_text_column wpb_content_element \" >\n\t\t<div class=\"wpb_wrapper\">\n\t\t\t<h5><a href=\"https:\/\/zhendaya.com\/\">Inicio<\/a>\u00a0 \u00a0<a href=\"https:\/\/zhendaya.com\/categorias-de-productos\/\">Categor\u00edas de productos<\/a>\u00a0 <a href=\"https:\/\/zhendaya.com\/contactar\/\">Contactar<\/a><\/h5>\n\n\t\t<\/div>\n\t<\/div>\n<div class=\"vc_empty_space\"   style=\"height: 40px\"><span class=\"vc_empty_space_inner\"><\/span><\/div><\/div><\/div><\/div><\/div><\/div><\/div>\n<\/section>","protected":false},"excerpt":{"rendered":"\u00bfD\u00f3nde se encuentra la tienda Zhendaya? Nuestra tienda est\u00e1 ubicada en Calle Lopan, 37, 04008 Almer\u00eda, en el coraz\u00f3n de la ciudad, para que puedas disfrutar de una experiencia de compra c\u00f3moda y personalizada. \u00bfCu\u00e1l es el horario de la tienda? Puedes visitarnos en el...","protected":false},"author":1,"featured_media":0,"parent":0,"menu_order":0,"comment_status":"closed","ping_status":"closed","template":"full-width.php","meta":{"footnotes":""},"class_list":["post-215","page","type-page","status-publish","hentry"],"jetpack_sharing_enabled":true,"_links":{"self":[{"href":"https:\/\/zhendaya.com\/es\/wp-json\/wp\/v2\/pages\/215","targetHints":{"allow":["GET"]}}],"collection":[{"href":"https:\/\/zhendaya.com\/es\/wp-json\/wp\/v2\/pages"}],"about":[{"href":"https:\/\/zhendaya.com\/es\/wp-json\/wp\/v2\/types\/page"}],"author":[{"embeddable":true,"href":"https:\/\/zhendaya.com\/es\/wp-json\/wp\/v2\/users\/1"}],"replies":[{"embeddable":true,"href":"https:\/\/zhendaya.com\/es\/wp-json\/wp\/v2\/comments?post=215"}],"version-history":[{"count":7,"href":"https:\/\/zhendaya.com\/es\/wp-json\/wp\/v2\/pages\/215\/revisions"}],"predecessor-version":[{"id":3268,"href":"https:\/\/zhendaya.com\/es\/wp-json\/wp\/v2\/pages\/215\/revisions\/3268"}],"wp:attachment":[{"href":"https:\/\/zhendaya.com\/es\/wp-json\/wp\/v2\/media?parent=215"}],"curies":[{"name":"wp","href":"https:\/\/api.w.org\/{rel}","templated":true}]}}