{"id":241,"date":"2015-12-14T13:20:18","date_gmt":"2015-12-14T13:20:18","guid":{"rendered":"https:\/\/kloe.qodeinteractive.com\/?page_id=241"},"modified":"2025-05-15T00:16:36","modified_gmt":"2025-05-15T00:16:36","slug":"sobre-zhendaya","status":"publish","type":"page","link":"https:\/\/zhendaya.com\/es\/sobre-zhendaya\/","title":{"rendered":"Sobre Zhendaya"},"content":{"rendered":"<section class=\"wpb-content-wrapper\"><div class=\"vc_row wpb_row vc_row-fluid qodef-section vc_custom_1450101982391 qodef-content-aligment-left qodef-grid-section\" style=\"\"><div class=\"clearfix qodef-section-inner\"><div class=\"qodef-section-inner-margin clearfix\"><div class=\"wpb_column vc_column_container vc_col-sm-12 vc_col-md-4\"><div class=\"vc_column-inner\"><div class=\"wpb_wrapper\"><div class=\"vc_empty_space\"   style=\"height: 3px\"><span class=\"vc_empty_space_inner\"><\/span><\/div>\n\t<div class=\"wpb_text_column wpb_content_element \" >\n\t\t<div class=\"wpb_wrapper\">\n\t\t\t<h6>Rese\u00f1as<\/h6>\n\n\t\t<\/div>\n\t<\/div>\n<div class=\"vc_empty_space\"   style=\"height: 4px\"><span class=\"vc_empty_space_inner\"><\/span><\/div>\n\t<div class=\"wpb_text_column wpb_content_element \" >\n\t\t<div class=\"wpb_wrapper\">\n\t\t\t<h2>\u00bfQu\u00e9 dicen nuestros clientes?<\/h2>\n\n\t\t<\/div>\n\t<\/div>\n<div class=\"vc_empty_space\"   style=\"height: 40px\"><span class=\"vc_empty_space_inner\"><\/span><\/div><\/div><\/div><\/div><div class=\"wpb_column vc_column_container vc_col-sm-12 vc_col-md-8\"><div class=\"vc_column-inner\"><div class=\"wpb_wrapper\"><div class=\"vc_empty_space\"   style=\"height: 7px\"><span class=\"vc_empty_space_inner\"><\/span><\/div>\n\t<div class=\"wpb_text_column wpb_content_element \" >\n\t\t<div class=\"wpb_wrapper\">\n\t\t\t<p>Me parece una tienda con ropa muy favorecedora, de buena calidad y a precios muy asequibles. Adem\u00e1s, la selecci\u00f3n de prendas es variada y siempre est\u00e1 al tanto de las \u00faltimas tendencias, lo que hace que siempre encuentres algo nuevo y exclusivo. La due\u00f1a, adem\u00e1s de ser encantadora, es s\u00faper simp\u00e1tica y te hace sentir como en casa, brindando un servicio cercano y personalizado<\/p>\n\n\t\t<\/div>\n\t<\/div>\n<div class=\"vc_empty_space\"   style=\"height: 40px\"><span class=\"vc_empty_space_inner\"><\/span><\/div><\/div><\/div><\/div><\/div><\/div><\/div><div class=\"vc_row wpb_row vc_row-fluid qodef-section vc_custom_1450102223502 qodef-content-aligment-center qodef-grid-section\" style=\"\"><div class=\"clearfix qodef-section-inner\"><div class=\"qodef-section-inner-margin clearfix\"><div class=\"wpb_column vc_column_container vc_col-sm-12 vc_col-lg-3 vc_col-md-6\"><div class=\"vc_column-inner\"><div class=\"wpb_wrapper\">\n<div class=\"qodef-team main-info-below-image\">\n\t<div class=\"qodef-team-inner\">\n\t\t\t\t\t<div class=\"qodef-team-image\">\n\t\t\t\t<img loading=\"lazy\" decoding=\"async\" width=\"1377\" height=\"1371\" src=\"https:\/\/zhendaya.com\/wp-content\/uploads\/2025\/05\/ImageToStl.com_IMG_19281.webp\" class=\"attachment-full size-full\" alt=\"\" srcset=\"https:\/\/zhendaya.com\/wp-content\/uploads\/2025\/05\/ImageToStl.com_IMG_19281.webp 1377w, https:\/\/zhendaya.com\/wp-content\/uploads\/2025\/05\/ImageToStl.com_IMG_19281-300x300.webp 300w, https:\/\/zhendaya.com\/wp-content\/uploads\/2025\/05\/ImageToStl.com_IMG_19281-1024x1020.webp 1024w, https:\/\/zhendaya.com\/wp-content\/uploads\/2025\/05\/ImageToStl.com_IMG_19281-150x150.webp 150w, https:\/\/zhendaya.com\/wp-content\/uploads\/2025\/05\/ImageToStl.com_IMG_19281-768x765.webp 768w, https:\/\/zhendaya.com\/wp-content\/uploads\/2025\/05\/ImageToStl.com_IMG_19281-600x597.webp 600w\" sizes=\"auto, (max-width: 1377px) 100vw, 1377px\" \/>\t\t\t\t<span class=\"qodef-team-overlay\"><\/span>\n\t\t\t<\/div>\n\t\t\n\t\t\t\t\t<div class=\"qodef-team-info\">\n\t\t\t\t\t\t\t\t\t<div class=\"qodef-team-title-holder normal\">\n\t\t\t\t\t\t\t\t\t\t\t\t\t<h5 class=\"qodef-team-name\">\n\t\t\t\t\t\t\t\tAdriana Macias\t\t\t\t\t\t\t<\/h5>\n\t\t\t\t\t\t\t\t\t\t\t\t\t\t\t\t\t\t\t<h6 class=\"qodef-team-position\">Due\u00f1a<\/h6>\n\t\t\t\t\t\t\t\t\t\t\t<\/div>\n\t\t\t\t\n\t\t<div class=\"qodef-team-social-holder-between\">\n\t\t\t<div class=\"qodef-team-social normal\">\n\t\t\t\t<div class=\"qodef-team-social-inner\">\n\t\t\t\t\t<div class=\"qodef-team-social-wrapp\">\n\n\t\t\t\t\t\t\n\t<span class=\"qodef-icon-shortcode normal qodef-icon-hover-effect \"  >\n\t\t\t\t\t<a class=\"\" href=\"https:\/\/www.facebook.com\/QodeInteractive\/\" target=\"_blank\" rel=\"noopener\">\n\t\t\n\t\t<span aria-hidden=\"true\" class=\"qodef-icon-font-elegant social_facebook qodef-icon-element\" style=\"\" ><\/span>\n\t\t\t\t\t<\/a>\n\t\t\t\t\t\t\t<span class=\"qodef-icon-shader\" ><\/span>\n\t\t\t<\/span>\n\n\n\t<span class=\"qodef-icon-shortcode normal qodef-icon-hover-effect \"  >\n\t\t\t\t\t<a class=\"\" href=\"https:\/\/twitter.com\/QodeInteractive\" target=\"_blank\" rel=\"noopener\">\n\t\t\n\t\t<span aria-hidden=\"true\" class=\"qodef-icon-font-elegant social_twitter qodef-icon-element\" style=\"\" ><\/span>\n\t\t\t\t\t<\/a>\n\t\t\t\t\t\t\t<span class=\"qodef-icon-shader\" ><\/span>\n\t\t\t<\/span>\n\n\n\t<span class=\"qodef-icon-shortcode normal qodef-icon-hover-effect \"  >\n\t\t\t\t\t<a class=\"\" href=\"https:\/\/www.linkedin.com\/company\/qode-themes\/\" target=\"_blank\" rel=\"noopener\">\n\t\t\n\t\t<span aria-hidden=\"true\" class=\"qodef-icon-font-elegant social_linkedin qodef-icon-element\" style=\"\" ><\/span>\n\t\t\t\t\t<\/a>\n\t\t\t\t\t\t\t<span class=\"qodef-icon-shader\" ><\/span>\n\t\t\t<\/span>\n\n\n\t<span class=\"qodef-icon-shortcode normal qodef-icon-hover-effect \"  >\n\t\t\t\t\t<a class=\"\" href=\"https:\/\/www.instagram.com\/qodeinteractive\/\" target=\"_blank\" rel=\"noopener\">\n\t\t\n\t\t<span aria-hidden=\"true\" class=\"qodef-icon-font-elegant social_instagram qodef-icon-element\" style=\"\" ><\/span>\n\t\t\t\t\t<\/a>\n\t\t\t\t\t\t\t<span class=\"qodef-icon-shader\" ><\/span>\n\t\t\t<\/span>\n\n\n\t\t\t\t\t<\/div>\n\t\t\t\t<\/div>\n\t\t\t<\/div>\n\t\t<\/div>\n\n\t\t<\/div>\n\t<\/div>\n<\/div><div class=\"vc_empty_space\"   style=\"height: 40px\"><span class=\"vc_empty_space_inner\"><\/span><\/div><\/div><\/div><\/div><\/div><\/div><\/div><div class=\"vc_row wpb_row vc_row-fluid qodef-section vc_custom_1449849611792 qodef-content-aligment-left qodef-grid-section\" style=\"\"><div class=\"clearfix qodef-section-inner\"><div class=\"qodef-section-inner-margin clearfix\"><div class=\"wpb_column vc_column_container vc_col-sm-12 vc_col-lg-6 vc_col-md-12\"><div class=\"vc_column-inner\"><div class=\"wpb_wrapper\">\n\t<div  class=\"wpb_single_image wpb_content_element vc_align_left\">\n\t\t\n\t\t<figure class=\"wpb_wrapper vc_figure\">\n\t\t\t<div class=\"vc_single_image-wrapper   vc_box_border_grey\"><img loading=\"lazy\" decoding=\"async\" width=\"406\" height=\"477\" src=\"https:\/\/zhendaya.com\/wp-content\/uploads\/2025\/04\/girl-1141279_1920-removebg-preview-e1743719557700.png\" class=\"vc_single_image-img attachment-full\" alt=\"\" title=\"girl-1141279_1920-removebg-preview\" srcset=\"https:\/\/zhendaya.com\/wp-content\/uploads\/2025\/04\/girl-1141279_1920-removebg-preview-e1743719557700.png 406w, https:\/\/zhendaya.com\/wp-content\/uploads\/2025\/04\/girl-1141279_1920-removebg-preview-e1743719557700-255x300.png 255w\" sizes=\"auto, (max-width: 406px) 100vw, 406px\" \/><\/div>\n\t\t<\/figure>\n\t<\/div>\n<\/div><\/div><\/div><div class=\"wpb_column vc_column_container vc_col-sm-12 vc_col-lg-6 vc_col-md-12\"><div class=\"vc_column-inner\"><div class=\"wpb_wrapper\"><div class=\"vc_empty_space\"   style=\"height: 66px\"><span class=\"vc_empty_space_inner\"><\/span><\/div>\n\t<div class=\"wpb_text_column wpb_content_element \" >\n\t\t<div class=\"wpb_wrapper\">\n\t\t\t<h6>Nuestra experiencia<\/h6>\n\n\t\t<\/div>\n\t<\/div>\n<div class=\"vc_empty_space\"   style=\"height: 5px\"><span class=\"vc_empty_space_inner\"><\/span><\/div>\n\t<div class=\"wpb_text_column wpb_content_element \" >\n\t\t<div class=\"wpb_wrapper\">\n\t\t\t<h2>Profesionalidad y estilo<\/h2>\n\n\t\t<\/div>\n\t<\/div>\n<div class=\"vc_empty_space\"   style=\"height: 8px\"><span class=\"vc_empty_space_inner\"><\/span><\/div>\n\t<div class=\"wpb_text_column wpb_content_element \" >\n\t\t<div class=\"wpb_wrapper\">\n\t\t\t<p>La moda es una forma de expresi\u00f3n y en <strong data-start=\"592\" data-end=\"604\">Zhendaya<\/strong> entendemos que cada mujer tiene su propia identidad. Por eso, ofrecemos una amplia gama de productos que se adaptan a todos los gustos, desde looks casuales hasta opciones m\u00e1s sofisticadas.<\/p>\n\n\t\t<\/div>\n\t<\/div>\n<div class=\"vc_empty_space\"   style=\"height: 25px\"><span class=\"vc_empty_space_inner\"><\/span><\/div><div class=\"qodef-progress-bar\">\n\t<h4 class=\"qodef-progress-title-holder clearfix\">\n\t\t<span class=\"qodef-progress-title\">Estilo<\/span>\n\t\t<span class=\"qodef-progress-number-wrapper qodef-floating qodef-floating-outside \" >\n\t\t\t<span class=\"qodef-progress-number\">\n\t\t\t\t<span class=\"qodef-percent\">0<\/span>\t\n\t\t\t\t\t\t\t\t\t<span class=\"qodef-down-arrow\"><\/span>\n\t\t\t\t\t\t\t<\/span>\n\t\t<\/span>\n\t<\/h4>\n\t<div class=\"qodef-progress-content-outer \" style=\"background-color: #ffffff\">\n\t\t<div data-percentage=83 class=\"qodef-progress-content\" ><\/div>\n\t<\/div>\n<\/div>\t<div class=\"qodef-progress-bar\">\n\t<h4 class=\"qodef-progress-title-holder clearfix\">\n\t\t<span class=\"qodef-progress-title\">Precio<\/span>\n\t\t<span class=\"qodef-progress-number-wrapper qodef-floating qodef-floating-outside \" >\n\t\t\t<span class=\"qodef-progress-number\">\n\t\t\t\t<span class=\"qodef-percent\">0<\/span>\t\n\t\t\t\t\t\t\t\t\t<span class=\"qodef-down-arrow\"><\/span>\n\t\t\t\t\t\t\t<\/span>\n\t\t<\/span>\n\t<\/h4>\n\t<div class=\"qodef-progress-content-outer \" style=\"background-color: #ffffff\">\n\t\t<div data-percentage=97 class=\"qodef-progress-content\" ><\/div>\n\t<\/div>\n<\/div>\t<div class=\"qodef-progress-bar\">\n\t<h4 class=\"qodef-progress-title-holder clearfix\">\n\t\t<span class=\"qodef-progress-title\">Calidad<\/span>\n\t\t<span class=\"qodef-progress-number-wrapper qodef-floating qodef-floating-outside \" >\n\t\t\t<span class=\"qodef-progress-number\">\n\t\t\t\t<span class=\"qodef-percent\">0<\/span>\t\n\t\t\t\t\t\t\t\t\t<span class=\"qodef-down-arrow\"><\/span>\n\t\t\t\t\t\t\t<\/span>\n\t\t<\/span>\n\t<\/h4>\n\t<div class=\"qodef-progress-content-outer \" style=\"background-color: #ffffff\">\n\t\t<div data-percentage=87 class=\"qodef-progress-content\" ><\/div>\n\t<\/div>\n<\/div>\t<div class=\"vc_empty_space\"   style=\"height: 50px\"><span class=\"vc_empty_space_inner\"><\/span><\/div><\/div><\/div><\/div><\/div><\/div><\/div><div class=\"vc_row wpb_row vc_row-fluid qodef-section vc_custom_1450103100439 qodef-content-aligment-center qodef-grid-section\" style=\"\"><div class=\"clearfix qodef-section-inner\"><div class=\"qodef-section-inner-margin clearfix\"><div class=\"wpb_column vc_column_container vc_col-sm-12\"><div class=\"vc_column-inner\"><div class=\"wpb_wrapper\"><div class=\"qodef-process-holder clearfix qodef-four-columns with_arrows\"><div class=\"qodef-four-columns-inner\">\n<div class=\"qodef-column\">\n    <div class=\"qodef-column-inner\">\n        <div class=\"qodef-process-item\">\n            <div class=\"qodef-process-info-holder\">\n                <div class=\"qodef-process-number-holder\">\n                    <div class=\"qodef-process-number-holder-inner\">\n                        <span class=\"qodef-process-number\">\n                            1                        <\/span>\n                         <span class=\"qodef-process-number-clone\">\n                            1                        <\/span>\n                    <\/div>\n                <\/div>\n                <div class=\"qodef-process-title-holder\">\n                                        <div class=\"qodef-proces-title\">\n                        <h5>\n                            Selecciona una categor\u00eda                        <\/h5>\n                    <\/div>\n                <\/div>\n            <\/div>\n            <div class=\"qodef-process-text-holder\">\n                <p>\n                    Te ofrecemos varias categor\u00edas de productos para que encuentres exactamente lo que buscas.                <\/p>\n            <\/div>\n        <\/div>\n    <\/div>\n<\/div>\n<div class=\"qodef-column\">\n    <div class=\"qodef-column-inner\">\n        <div class=\"qodef-process-item\">\n            <div class=\"qodef-process-info-holder\">\n                <div class=\"qodef-process-number-holder\">\n                    <div class=\"qodef-process-number-holder-inner\">\n                        <span class=\"qodef-process-number\">\n                            2                        <\/span>\n                         <span class=\"qodef-process-number-clone\">\n                            2                        <\/span>\n                    <\/div>\n                <\/div>\n                <div class=\"qodef-process-title-holder\">\n                                        <div class=\"qodef-proces-title\">\n                        <h5>\n                            Elige tu producto                        <\/h5>\n                    <\/div>\n                <\/div>\n            <\/div>\n            <div class=\"qodef-process-text-holder\">\n                <p>\n                    Ya sea que busques una prenda vers\u00e1til para el d\u00eda a d\u00eda o algo especial para un evento, aqu\u00ed encontrar\u00e1s opciones que se adaptan a tu estilo.                <\/p>\n            <\/div>\n        <\/div>\n    <\/div>\n<\/div>\n<div class=\"qodef-column\">\n    <div class=\"qodef-column-inner\">\n        <div class=\"qodef-process-item\">\n            <div class=\"qodef-process-info-holder\">\n                <div class=\"qodef-process-number-holder\">\n                    <div class=\"qodef-process-number-holder-inner\">\n                        <span class=\"qodef-process-number\">\n                            3                        <\/span>\n                         <span class=\"qodef-process-number-clone\">\n                            3                        <\/span>\n                    <\/div>\n                <\/div>\n                <div class=\"qodef-process-title-holder\">\n                                        <div class=\"qodef-proces-title\">\n                        <h5>\n                            Procesa el pago y env\u00edo                        <\/h5>\n                    <\/div>\n                <\/div>\n            <\/div>\n            <div class=\"qodef-process-text-holder\">\n                <p>\n                    Nos aseguramos de que tu experiencia de compra sea lo m\u00e1s c\u00f3moda y segura posible. Una vez que hayas elegido tus productos, el proceso de pago es r\u00e1pido y f\u00e1cil.                <\/p>\n            <\/div>\n        <\/div>\n    <\/div>\n<\/div>\n<div class=\"qodef-column\">\n    <div class=\"qodef-column-inner\">\n        <div class=\"qodef-process-item\">\n            <div class=\"qodef-process-info-holder\">\n                <div class=\"qodef-process-number-holder\">\n                    <div class=\"qodef-process-number-holder-inner\">\n                        <span class=\"qodef-process-number\">\n                            4                        <\/span>\n                         <span class=\"qodef-process-number-clone\">\n                            4                        <\/span>\n                    <\/div>\n                <\/div>\n                <div class=\"qodef-process-title-holder\">\n                                        <div class=\"qodef-proces-title\">\n                        <h5>\n                            Disfruta con Zhendaya                        <\/h5>\n                    <\/div>\n                <\/div>\n            <\/div>\n            <div class=\"qodef-process-text-holder\">\n                <p>\n                    Queremos que cada vez que uses tu nueva adquisici\u00f3n, te sientas incre\u00edble, c\u00f3moda y lista para destacar.                <\/p>\n            <\/div>\n        <\/div>\n    <\/div>\n<\/div><\/div><\/div><\/div><\/div><\/div><\/div><\/div><\/div><div class=\"vc_row wpb_row vc_row-fluid qodef-section qodef-content-aligment-left\" style=\"\"><div class=\"clearfix qodef-full-section-inner\"><div class=\"wpb_column vc_column_container vc_col-sm-3\"><div class=\"vc_column-inner\"><div class=\"wpb_wrapper\"><\/div><\/div><\/div><div class=\"wpb_column vc_column_container vc_col-sm-3\"><div class=\"vc_column-inner\"><div class=\"wpb_wrapper\"><div class=\"wpb_gallery wpb_content_element vc_clearfix\" ><div class=\"wpb_wrapper\"><div class=\"wpb_gallery_slides wpb_flexslider flexslider_slide flexslider\" data-interval=\"3\" data-flex_fx=\"slide\"><ul class=\"slides\"><li><a class=\"\" href=\"https:\/\/zhendaya.com\/wp-content\/uploads\/2015\/12\/unnamed-1024x768.jpg\" data-lightbox=\"lightbox[rel-241-233211981]\"><img loading=\"lazy\" decoding=\"async\" width=\"1360\" height=\"1020\" src=\"https:\/\/zhendaya.com\/wp-content\/uploads\/2015\/12\/unnamed.jpg\" class=\"attachment-full\" alt=\"\" title=\"unnamed\" srcset=\"https:\/\/zhendaya.com\/wp-content\/uploads\/2015\/12\/unnamed.jpg 1360w, https:\/\/zhendaya.com\/wp-content\/uploads\/2015\/12\/unnamed-300x225.jpg 300w, https:\/\/zhendaya.com\/wp-content\/uploads\/2015\/12\/unnamed-1024x768.jpg 1024w, https:\/\/zhendaya.com\/wp-content\/uploads\/2015\/12\/unnamed-768x576.jpg 768w, https:\/\/zhendaya.com\/wp-content\/uploads\/2015\/12\/unnamed-800x600.jpg 800w, https:\/\/zhendaya.com\/wp-content\/uploads\/2015\/12\/unnamed-600x450.jpg 600w\" sizes=\"auto, (max-width: 1360px) 100vw, 1360px\" \/><\/a><\/li><li><a class=\"\" href=\"https:\/\/zhendaya.com\/wp-content\/uploads\/2025\/04\/unnamed-3.jpg\" data-lightbox=\"lightbox[rel-241-233211981]\"><img loading=\"lazy\" decoding=\"async\" width=\"243\" height=\"304\" src=\"https:\/\/zhendaya.com\/wp-content\/uploads\/2025\/04\/unnamed-3.jpg\" class=\"attachment-full\" alt=\"\" title=\"unnamed (3)\" srcset=\"https:\/\/zhendaya.com\/wp-content\/uploads\/2025\/04\/unnamed-3.jpg 243w, https:\/\/zhendaya.com\/wp-content\/uploads\/2025\/04\/unnamed-3-240x300.jpg 240w\" sizes=\"auto, (max-width: 243px) 100vw, 243px\" \/><\/a><\/li><li><a class=\"\" href=\"https:\/\/zhendaya.com\/wp-content\/uploads\/2025\/04\/unnamed-4.jpg\" data-lightbox=\"lightbox[rel-241-233211981]\"><img loading=\"lazy\" decoding=\"async\" width=\"243\" height=\"304\" src=\"https:\/\/zhendaya.com\/wp-content\/uploads\/2025\/04\/unnamed-4.jpg\" class=\"attachment-full\" alt=\"\" title=\"unnamed (4)\" srcset=\"https:\/\/zhendaya.com\/wp-content\/uploads\/2025\/04\/unnamed-4.jpg 243w, https:\/\/zhendaya.com\/wp-content\/uploads\/2025\/04\/unnamed-4-240x300.jpg 240w\" sizes=\"auto, (max-width: 243px) 100vw, 243px\" \/><\/a><\/li><li><a class=\"\" href=\"https:\/\/zhendaya.com\/wp-content\/uploads\/2025\/04\/unnamed-5.jpg\" data-lightbox=\"lightbox[rel-241-233211981]\"><img loading=\"lazy\" decoding=\"async\" width=\"243\" height=\"304\" src=\"https:\/\/zhendaya.com\/wp-content\/uploads\/2025\/04\/unnamed-5.jpg\" class=\"attachment-full\" alt=\"\" title=\"unnamed (5)\" srcset=\"https:\/\/zhendaya.com\/wp-content\/uploads\/2025\/04\/unnamed-5.jpg 243w, https:\/\/zhendaya.com\/wp-content\/uploads\/2025\/04\/unnamed-5-240x300.jpg 240w\" sizes=\"auto, (max-width: 243px) 100vw, 243px\" \/><\/a><\/li><li><a class=\"\" href=\"https:\/\/zhendaya.com\/wp-content\/uploads\/2025\/04\/unnamed-6.jpg\" data-lightbox=\"lightbox[rel-241-233211981]\"><img loading=\"lazy\" decoding=\"async\" width=\"243\" height=\"304\" src=\"https:\/\/zhendaya.com\/wp-content\/uploads\/2025\/04\/unnamed-6.jpg\" class=\"attachment-full\" alt=\"\" title=\"unnamed (6)\" srcset=\"https:\/\/zhendaya.com\/wp-content\/uploads\/2025\/04\/unnamed-6.jpg 243w, https:\/\/zhendaya.com\/wp-content\/uploads\/2025\/04\/unnamed-6-240x300.jpg 240w\" sizes=\"auto, (max-width: 243px) 100vw, 243px\" \/><\/a><\/li><li><a class=\"\" href=\"https:\/\/zhendaya.com\/wp-content\/uploads\/2025\/04\/unnamed-7.jpg\" data-lightbox=\"lightbox[rel-241-233211981]\"><img loading=\"lazy\" decoding=\"async\" width=\"243\" height=\"244\" src=\"https:\/\/zhendaya.com\/wp-content\/uploads\/2025\/04\/unnamed-7.jpg\" class=\"attachment-full\" alt=\"\" title=\"unnamed (7)\" srcset=\"https:\/\/zhendaya.com\/wp-content\/uploads\/2025\/04\/unnamed-7.jpg 243w, https:\/\/zhendaya.com\/wp-content\/uploads\/2025\/04\/unnamed-7-150x150.jpg 150w\" sizes=\"auto, (max-width: 243px) 100vw, 243px\" \/><\/a><\/li><li><a class=\"\" href=\"https:\/\/zhendaya.com\/wp-content\/uploads\/2025\/04\/unnamed-8.jpg\" data-lightbox=\"lightbox[rel-241-233211981]\"><img loading=\"lazy\" decoding=\"async\" width=\"243\" height=\"304\" src=\"https:\/\/zhendaya.com\/wp-content\/uploads\/2025\/04\/unnamed-8.jpg\" class=\"attachment-full\" alt=\"\" title=\"unnamed (8)\" srcset=\"https:\/\/zhendaya.com\/wp-content\/uploads\/2025\/04\/unnamed-8.jpg 243w, https:\/\/zhendaya.com\/wp-content\/uploads\/2025\/04\/unnamed-8-240x300.jpg 240w\" sizes=\"auto, (max-width: 243px) 100vw, 243px\" \/><\/a><\/li><\/ul><\/div><\/div><\/div><\/div><\/div><\/div><div class=\"wpb_column vc_column_container vc_col-sm-3\"><div class=\"vc_column-inner\"><div class=\"wpb_wrapper\">\n\t<div class=\"wpb_text_column wpb_content_element \" >\n\t\t<div class=\"wpb_wrapper\">\n\t\t\t<p class=\"\" data-start=\"0\" data-end=\"307\"><strong data-start=\"0\" data-end=\"12\">Zhendaya<\/strong> es tu tienda de ropa femenina en Almer\u00eda, donde moda, calidad y estilo se combinan para ofrecerte una experiencia de compra \u00fanica. Ubicados en el centro de la ciudad, nos enfocamos en brindarte las \u00faltimas tendencias con atenci\u00f3n personalizada, haciendo que cada cliente se sienta como en casa.<\/p>\n<p class=\"\" data-start=\"309\" data-end=\"545\">Ofrecemos ropa de alta calidad a precios asequibles, trabajando con proveedores comprometidos con la durabilidad y la confecci\u00f3n de gama alta. Adem\u00e1s, nuestras colecciones se actualizan constantemente para ofrecerte opciones exclusivas.<\/p>\n<p class=\"\" data-start=\"547\" data-end=\"763\">Lo que nos distingue es nuestra atenci\u00f3n cercana y profesional, ayud\u00e1ndote a encontrar el look perfecto. Realizamos env\u00edos r\u00e1pidos y seguros a toda Espa\u00f1a para que disfrutes de tu compra de forma c\u00f3moda y eficiente.<\/p>\n\n\t\t<\/div>\n\t<\/div>\n<\/div><\/div><\/div><div class=\"wpb_column vc_column_container vc_col-sm-3\"><div class=\"vc_column-inner\"><div class=\"wpb_wrapper\"><\/div><\/div><\/div><\/div><\/div>\n<\/section>","protected":false},"excerpt":{"rendered":"Rese\u00f1as \u00bfQu\u00e9 dicen nuestros clientes? Me parece una tienda con ropa muy favorecedora, de buena calidad y a precios muy asequibles. Adem\u00e1s, la selecci\u00f3n de prendas es variada y siempre est\u00e1 al tanto de las \u00faltimas tendencias, lo que hace que siempre encuentres algo nuevo...","protected":false},"author":1,"featured_media":0,"parent":0,"menu_order":0,"comment_status":"closed","ping_status":"closed","template":"full-width.php","meta":{"footnotes":""},"class_list":["post-241","page","type-page","status-publish","hentry"],"jetpack_sharing_enabled":true,"_links":{"self":[{"href":"https:\/\/zhendaya.com\/es\/wp-json\/wp\/v2\/pages\/241","targetHints":{"allow":["GET"]}}],"collection":[{"href":"https:\/\/zhendaya.com\/es\/wp-json\/wp\/v2\/pages"}],"about":[{"href":"https:\/\/zhendaya.com\/es\/wp-json\/wp\/v2\/types\/page"}],"author":[{"embeddable":true,"href":"https:\/\/zhendaya.com\/es\/wp-json\/wp\/v2\/users\/1"}],"replies":[{"embeddable":true,"href":"https:\/\/zhendaya.com\/es\/wp-json\/wp\/v2\/comments?post=241"}],"version-history":[{"count":34,"href":"https:\/\/zhendaya.com\/es\/wp-json\/wp\/v2\/pages\/241\/revisions"}],"predecessor-version":[{"id":3587,"href":"https:\/\/zhendaya.com\/es\/wp-json\/wp\/v2\/pages\/241\/revisions\/3587"}],"wp:attachment":[{"href":"https:\/\/zhendaya.com\/es\/wp-json\/wp\/v2\/media?parent=241"}],"curies":[{"name":"wp","href":"https:\/\/api.w.org\/{rel}","templated":true}]}}