{"id":516,"date":"2015-12-16T14:31:13","date_gmt":"2015-12-16T14:31:13","guid":{"rendered":"https:\/\/kloe.qodeinteractive.com\/?page_id=516"},"modified":"2025-05-14T23:05:05","modified_gmt":"2025-05-14T23:05:05","slug":"categorias-de-productos","status":"publish","type":"page","link":"https:\/\/zhendaya.com\/es\/categorias-de-productos\/","title":{"rendered":"Categor\u00edas de Productos"},"content":{"rendered":"<section class=\"wpb-content-wrapper\"><div class=\"vc_row wpb_row vc_row-fluid qodef-section vc_custom_1452686320775 qodef-content-aligment-left\" style=\"\"><div class=\"clearfix qodef-full-section-inner\"><div class=\"wpb_column vc_column_container vc_col-sm-12\"><div class=\"vc_column-inner\"><div class=\"wpb_wrapper\"><div class = \"qodef-portfolio-list-holder-outer qodef-ptf-pinterest qodef-ptf-pinterest-three-columns\" data-next-page= 2 data-type= pinterest data-columns= three data-grid-size= three data-order-by= title data-order= ASC data-number= 13 data-image-size= full data-filter= no data-filter-order-by= name data-show-load-more= no data-title-tag= h3 data-max-num-pages = 1><div class = \"qodef-portfolio-list-holder clearfix \" ><div class=\"qodef-portfolio-list-masonry-grid-sizer\"><\/div><div class=\"qodef-portfolio-list-masonry-grid-gutter\"><\/div>\n<article class=\"qodef-portfolio-item \" >\n\t<a  href=\"https:\/\/zhendaya.com\/es\/portfolio-item\/bolsos\/\" target=\"_self\">\n\t\t<div class = \"qodef-item-image-holder\">\n\t\t\t<span class=\"qodef-item-image-overlay\"><\/span>\n\t\t\t<img loading=\"lazy\" decoding=\"async\" width=\"1707\" height=\"2560\" src=\"https:\/\/zhendaya.com\/wp-content\/uploads\/2025\/05\/IMG_2772-scaled-1.webp\" class=\"attachment-full size-full wp-post-image\" alt=\"\" srcset=\"https:\/\/zhendaya.com\/wp-content\/uploads\/2025\/05\/IMG_2772-scaled-1.webp 1707w, https:\/\/zhendaya.com\/wp-content\/uploads\/2025\/05\/IMG_2772-scaled-1-200x300.webp 200w, https:\/\/zhendaya.com\/wp-content\/uploads\/2025\/05\/IMG_2772-scaled-1-683x1024.webp 683w, https:\/\/zhendaya.com\/wp-content\/uploads\/2025\/05\/IMG_2772-scaled-1-768x1152.webp 768w, https:\/\/zhendaya.com\/wp-content\/uploads\/2025\/05\/IMG_2772-scaled-1-1024x1536.webp 1024w, https:\/\/zhendaya.com\/wp-content\/uploads\/2025\/05\/IMG_2772-scaled-1-1366x2048.webp 1366w, https:\/\/zhendaya.com\/wp-content\/uploads\/2025\/05\/IMG_2772-scaled-1-600x900.webp 600w\" sizes=\"auto, (max-width: 1707px) 100vw, 1707px\" \/>\t\t<\/div>\n\t\t<div class=\"qodef-item-text-overlay\">\n\t\t\t<div class=\"qodef-item-text-overlay-inner\">\n\t\t\t\t<div class=\"qodef-item-text-holder\">\n\t\t\t\t\t<div class=\"qodef-ptf-category-holder\"><\/div>\t\t\t\t\t<h3 class=\"qodef-item-title\">\n\t\t\t\t\tBolsos\t\t\t\t<\/h3>\n\t\t\t<\/div>\n\t\t<\/div>\n\t\t<\/div>\n\t<\/a>\n<\/article>\n<article class=\"qodef-portfolio-item \" >\n\t<a  href=\"https:\/\/zhendaya.com\/es\/portfolio-item\/conjuntos\/\" target=\"_self\">\n\t\t<div class = \"qodef-item-image-holder\">\n\t\t\t<span class=\"qodef-item-image-overlay\"><\/span>\n\t\t\t<img loading=\"lazy\" decoding=\"async\" width=\"1295\" height=\"2048\" src=\"https:\/\/zhendaya.com\/wp-content\/uploads\/2025\/02\/508efab3-adeb-47bb-9e8f-6a6dc3ec69df-e1748132287567.webp\" class=\"attachment-full size-full wp-post-image\" alt=\"\" srcset=\"https:\/\/zhendaya.com\/wp-content\/uploads\/2025\/02\/508efab3-adeb-47bb-9e8f-6a6dc3ec69df-e1748132287567.webp 1295w, https:\/\/zhendaya.com\/wp-content\/uploads\/2025\/02\/508efab3-adeb-47bb-9e8f-6a6dc3ec69df-e1748132287567-190x300.webp 190w, https:\/\/zhendaya.com\/wp-content\/uploads\/2025\/02\/508efab3-adeb-47bb-9e8f-6a6dc3ec69df-e1748132287567-648x1024.webp 648w, https:\/\/zhendaya.com\/wp-content\/uploads\/2025\/02\/508efab3-adeb-47bb-9e8f-6a6dc3ec69df-e1748132287567-768x1215.webp 768w, https:\/\/zhendaya.com\/wp-content\/uploads\/2025\/02\/508efab3-adeb-47bb-9e8f-6a6dc3ec69df-e1748132287567-971x1536.webp 971w, https:\/\/zhendaya.com\/wp-content\/uploads\/2025\/02\/508efab3-adeb-47bb-9e8f-6a6dc3ec69df-e1748132287567-8x12.webp 8w, https:\/\/zhendaya.com\/wp-content\/uploads\/2025\/02\/508efab3-adeb-47bb-9e8f-6a6dc3ec69df-e1748132287567-600x949.webp 600w\" sizes=\"auto, (max-width: 1295px) 100vw, 1295px\" \/>\t\t<\/div>\n\t\t<div class=\"qodef-item-text-overlay\">\n\t\t\t<div class=\"qodef-item-text-overlay-inner\">\n\t\t\t\t<div class=\"qodef-item-text-holder\">\n\t\t\t\t\t<div class=\"qodef-ptf-category-holder\"><\/div>\t\t\t\t\t<h3 class=\"qodef-item-title\">\n\t\t\t\t\tConjuntos\t\t\t\t<\/h3>\n\t\t\t<\/div>\n\t\t<\/div>\n\t\t<\/div>\n\t<\/a>\n<\/article>\n<article class=\"qodef-portfolio-item \" >\n\t<a  href=\"https:\/\/zhendaya.com\/es\/portfolio-item\/pantalones\/\" target=\"_self\">\n\t\t<div class = \"qodef-item-image-holder\">\n\t\t\t<span class=\"qodef-item-image-overlay\"><\/span>\n\t\t\t<img loading=\"lazy\" decoding=\"async\" width=\"1365\" height=\"2156\" src=\"https:\/\/zhendaya.com\/wp-content\/uploads\/2015\/12\/IMG_1901-e1746837399987.jpg\" class=\"attachment-full size-full wp-post-image\" alt=\"\" srcset=\"https:\/\/zhendaya.com\/wp-content\/uploads\/2015\/12\/IMG_1901-e1746837399987.jpg 1365w, https:\/\/zhendaya.com\/wp-content\/uploads\/2015\/12\/IMG_1901-e1746837399987-190x300.jpg 190w, https:\/\/zhendaya.com\/wp-content\/uploads\/2015\/12\/IMG_1901-e1746837399987-648x1024.jpg 648w, https:\/\/zhendaya.com\/wp-content\/uploads\/2015\/12\/IMG_1901-e1746837399987-768x1213.jpg 768w, https:\/\/zhendaya.com\/wp-content\/uploads\/2015\/12\/IMG_1901-e1746837399987-972x1536.jpg 972w, https:\/\/zhendaya.com\/wp-content\/uploads\/2015\/12\/IMG_1901-e1746837399987-1297x2048.jpg 1297w, https:\/\/zhendaya.com\/wp-content\/uploads\/2015\/12\/IMG_1901-e1746837399987-600x948.jpg 600w\" sizes=\"auto, (max-width: 1365px) 100vw, 1365px\" \/>\t\t<\/div>\n\t\t<div class=\"qodef-item-text-overlay\">\n\t\t\t<div class=\"qodef-item-text-overlay-inner\">\n\t\t\t\t<div class=\"qodef-item-text-holder\">\n\t\t\t\t\t<div class=\"qodef-ptf-category-holder\"><\/div>\t\t\t\t\t<h3 class=\"qodef-item-title\">\n\t\t\t\t\tPantalones\t\t\t\t<\/h3>\n\t\t\t<\/div>\n\t\t<\/div>\n\t\t<\/div>\n\t<\/a>\n<\/article>\n<article class=\"qodef-portfolio-item \" >\n\t<a  href=\"https:\/\/zhendaya.com\/es\/portfolio-item\/conjuntos-deportivos\/\" target=\"_self\">\n\t\t<div class = \"qodef-item-image-holder\">\n\t\t\t<span class=\"qodef-item-image-overlay\"><\/span>\n\t\t\t<img loading=\"lazy\" decoding=\"async\" width=\"1621\" height=\"2560\" src=\"https:\/\/zhendaya.com\/wp-content\/uploads\/2015\/12\/IMG_2491-scaled.webp\" class=\"attachment-full size-full wp-post-image\" alt=\"\" srcset=\"https:\/\/zhendaya.com\/wp-content\/uploads\/2015\/12\/IMG_2491-scaled.webp 1621w, https:\/\/zhendaya.com\/wp-content\/uploads\/2015\/12\/IMG_2491-190x300.webp 190w, https:\/\/zhendaya.com\/wp-content\/uploads\/2015\/12\/IMG_2491-649x1024.webp 649w, https:\/\/zhendaya.com\/wp-content\/uploads\/2015\/12\/IMG_2491-768x1213.webp 768w, https:\/\/zhendaya.com\/wp-content\/uploads\/2015\/12\/IMG_2491-973x1536.webp 973w, https:\/\/zhendaya.com\/wp-content\/uploads\/2015\/12\/IMG_2491-1297x2048.webp 1297w, https:\/\/zhendaya.com\/wp-content\/uploads\/2015\/12\/IMG_2491-600x947.webp 600w\" sizes=\"auto, (max-width: 1621px) 100vw, 1621px\" \/>\t\t<\/div>\n\t\t<div class=\"qodef-item-text-overlay\">\n\t\t\t<div class=\"qodef-item-text-overlay-inner\">\n\t\t\t\t<div class=\"qodef-item-text-holder\">\n\t\t\t\t\t<div class=\"qodef-ptf-category-holder\"><\/div>\t\t\t\t\t<h3 class=\"qodef-item-title\">\n\t\t\t\t\tRopa deportiva\t\t\t\t<\/h3>\n\t\t\t<\/div>\n\t\t<\/div>\n\t\t<\/div>\n\t<\/a>\n<\/article>\n<article class=\"qodef-portfolio-item \" >\n\t<a  href=\"https:\/\/zhendaya.com\/es\/portfolio-item\/tallas-grandes\/\" target=\"_self\">\n\t\t<div class = \"qodef-item-image-holder\">\n\t\t\t<span class=\"qodef-item-image-overlay\"><\/span>\n\t\t\t<img loading=\"lazy\" decoding=\"async\" width=\"1594\" height=\"2517\" src=\"https:\/\/zhendaya.com\/wp-content\/uploads\/2015\/12\/IMG_20241204_140641-1-scaled-e1746836986649.jpg\" class=\"attachment-full size-full wp-post-image\" alt=\"\" srcset=\"https:\/\/zhendaya.com\/wp-content\/uploads\/2015\/12\/IMG_20241204_140641-1-scaled-e1746836986649.jpg 1594w, https:\/\/zhendaya.com\/wp-content\/uploads\/2015\/12\/IMG_20241204_140641-1-scaled-e1746836986649-190x300.jpg 190w, https:\/\/zhendaya.com\/wp-content\/uploads\/2015\/12\/IMG_20241204_140641-1-scaled-e1746836986649-648x1024.jpg 648w, https:\/\/zhendaya.com\/wp-content\/uploads\/2015\/12\/IMG_20241204_140641-1-scaled-e1746836986649-768x1213.jpg 768w, https:\/\/zhendaya.com\/wp-content\/uploads\/2015\/12\/IMG_20241204_140641-1-scaled-e1746836986649-973x1536.jpg 973w, https:\/\/zhendaya.com\/wp-content\/uploads\/2015\/12\/IMG_20241204_140641-1-scaled-e1746836986649-1297x2048.jpg 1297w, https:\/\/zhendaya.com\/wp-content\/uploads\/2015\/12\/IMG_20241204_140641-1-scaled-e1746836986649-600x947.jpg 600w\" sizes=\"auto, (max-width: 1594px) 100vw, 1594px\" \/>\t\t<\/div>\n\t\t<div class=\"qodef-item-text-overlay\">\n\t\t\t<div class=\"qodef-item-text-overlay-inner\">\n\t\t\t\t<div class=\"qodef-item-text-holder\">\n\t\t\t\t\t<div class=\"qodef-ptf-category-holder\"><\/div>\t\t\t\t\t<h3 class=\"qodef-item-title\">\n\t\t\t\t\tTallas Grandes\t\t\t\t<\/h3>\n\t\t\t<\/div>\n\t\t<\/div>\n\t\t<\/div>\n\t<\/a>\n<\/article>\n<article class=\"qodef-portfolio-item \" >\n\t<a  href=\"https:\/\/zhendaya.com\/es\/portfolio-item\/vestidos\/\" target=\"_self\">\n\t\t<div class = \"qodef-item-image-holder\">\n\t\t\t<span class=\"qodef-item-image-overlay\"><\/span>\n\t\t\t<img loading=\"lazy\" decoding=\"async\" width=\"1398\" height=\"2206\" src=\"https:\/\/zhendaya.com\/wp-content\/uploads\/2015\/12\/IMG_0236-scaled-e1746837491247.webp\" class=\"attachment-full size-full wp-post-image\" alt=\"\" srcset=\"https:\/\/zhendaya.com\/wp-content\/uploads\/2015\/12\/IMG_0236-scaled-e1746837491247.webp 1398w, https:\/\/zhendaya.com\/wp-content\/uploads\/2015\/12\/IMG_0236-scaled-e1746837491247-190x300.webp 190w, https:\/\/zhendaya.com\/wp-content\/uploads\/2015\/12\/IMG_0236-scaled-e1746837491247-649x1024.webp 649w, https:\/\/zhendaya.com\/wp-content\/uploads\/2015\/12\/IMG_0236-scaled-e1746837491247-768x1212.webp 768w, https:\/\/zhendaya.com\/wp-content\/uploads\/2015\/12\/IMG_0236-scaled-e1746837491247-973x1536.webp 973w, https:\/\/zhendaya.com\/wp-content\/uploads\/2015\/12\/IMG_0236-scaled-e1746837491247-1298x2048.webp 1298w, https:\/\/zhendaya.com\/wp-content\/uploads\/2015\/12\/IMG_0236-scaled-e1746837491247-600x947.webp 600w\" sizes=\"auto, (max-width: 1398px) 100vw, 1398px\" \/>\t\t<\/div>\n\t\t<div class=\"qodef-item-text-overlay\">\n\t\t\t<div class=\"qodef-item-text-overlay-inner\">\n\t\t\t\t<div class=\"qodef-item-text-holder\">\n\t\t\t\t\t<div class=\"qodef-ptf-category-holder\"><\/div>\t\t\t\t\t<h3 class=\"qodef-item-title\">\n\t\t\t\t\tVestidos\t\t\t\t<\/h3>\n\t\t\t<\/div>\n\t\t<\/div>\n\t\t<\/div>\n\t<\/a>\n<\/article><div class='qodef-filler'><\/div>\n<div class='qodef-filler'><\/div>\n<div class='qodef-filler'><\/div>\n<\/div><\/div><\/div><\/div><\/div><\/div><\/div>\n<\/section>","protected":false},"excerpt":{"rendered":"En Zhendaya sabemos que un vestido no es solo una prenda, es una declaraci\u00f3n de estilo, actitud y personalidad. Por eso, hemos creado una colecci\u00f3n \u00fanica de vestidos de mujer en Almer\u00eda, pensada para realzar tu belleza natural, adaptarse a cada ocasi\u00f3n y seguir las...","protected":false},"author":1,"featured_media":0,"parent":0,"menu_order":0,"comment_status":"closed","ping_status":"closed","template":"full-width.php","meta":{"footnotes":""},"class_list":["post-516","page","type-page","status-publish","hentry"],"jetpack_sharing_enabled":true,"_links":{"self":[{"href":"https:\/\/zhendaya.com\/es\/wp-json\/wp\/v2\/pages\/516","targetHints":{"allow":["GET"]}}],"collection":[{"href":"https:\/\/zhendaya.com\/es\/wp-json\/wp\/v2\/pages"}],"about":[{"href":"https:\/\/zhendaya.com\/es\/wp-json\/wp\/v2\/types\/page"}],"author":[{"embeddable":true,"href":"https:\/\/zhendaya.com\/es\/wp-json\/wp\/v2\/users\/1"}],"replies":[{"embeddable":true,"href":"https:\/\/zhendaya.com\/es\/wp-json\/wp\/v2\/comments?post=516"}],"version-history":[{"count":6,"href":"https:\/\/zhendaya.com\/es\/wp-json\/wp\/v2\/pages\/516\/revisions"}],"predecessor-version":[{"id":3537,"href":"https:\/\/zhendaya.com\/es\/wp-json\/wp\/v2\/pages\/516\/revisions\/3537"}],"wp:attachment":[{"href":"https:\/\/zhendaya.com\/es\/wp-json\/wp\/v2\/media?parent=516"}],"curies":[{"name":"wp","href":"https:\/\/api.w.org\/{rel}","templated":true}]}}