{"id":5098,"date":"2025-10-16T08:29:23","date_gmt":"2025-10-16T08:29:23","guid":{"rendered":"https:\/\/zhendaya.com\/?post_type=product&#038;p=5098"},"modified":"2025-12-17T21:58:40","modified_gmt":"2025-12-17T21:58:40","slug":"falda-pantalon-cinturon","status":"publish","type":"product","link":"https:\/\/zhendaya.com\/es\/producto\/falda-pantalon-cinturon\/","title":{"rendered":"Falda-pantal\u00f3n Cintur\u00f3n"},"content":{"rendered":"<p>Talla \u00fanica que da desde una XS hasta L<\/p>\n","protected":false},"excerpt":{"rendered":"<p>Talla \u00fanica que da desde una XS hasta L<\/p>\n","protected":false},"featured_media":5096,"comment_status":"closed","ping_status":"closed","template":"","meta":[],"product_brand":[],"product_cat":[269,278],"product_tag":[],"class_list":{"0":"post-5098","1":"product","2":"type-product","3":"status-publish","4":"has-post-thumbnail","6":"product_cat-faldas","7":"product_cat-faldas-pantalon","9":"first","10":"instock","11":"shipping-taxable","12":"purchasable","13":"product-type-variable"},"jetpack_sharing_enabled":true,"_links":{"self":[{"href":"https:\/\/zhendaya.com\/es\/wp-json\/wp\/v2\/product\/5098","targetHints":{"allow":["GET"]}}],"collection":[{"href":"https:\/\/zhendaya.com\/es\/wp-json\/wp\/v2\/product"}],"about":[{"href":"https:\/\/zhendaya.com\/es\/wp-json\/wp\/v2\/types\/product"}],"replies":[{"embeddable":true,"href":"https:\/\/zhendaya.com\/es\/wp-json\/wp\/v2\/comments?post=5098"}],"wp:featuredmedia":[{"embeddable":true,"href":"https:\/\/zhendaya.com\/es\/wp-json\/wp\/v2\/media\/5096"}],"wp:attachment":[{"href":"https:\/\/zhendaya.com\/es\/wp-json\/wp\/v2\/media?parent=5098"}],"wp:term":[{"taxonomy":"product_brand","embeddable":true,"href":"https:\/\/zhendaya.com\/es\/wp-json\/wp\/v2\/product_brand?post=5098"},{"taxonomy":"product_cat","embeddable":true,"href":"https:\/\/zhendaya.com\/es\/wp-json\/wp\/v2\/product_cat?post=5098"},{"taxonomy":"product_tag","embeddable":true,"href":"https:\/\/zhendaya.com\/es\/wp-json\/wp\/v2\/product_tag?post=5098"}],"curies":[{"name":"wp","href":"https:\/\/api.w.org\/{rel}","templated":true}]}}