{"id":5527,"date":"2025-12-12T17:29:50","date_gmt":"2025-12-12T17:29:50","guid":{"rendered":"https:\/\/zhendaya.com\/es\/producto\/pantalon-asimetrico\/"},"modified":"2025-12-12T18:08:15","modified_gmt":"2025-12-12T18:08:15","slug":"pantalon-asimetrico","status":"publish","type":"product","link":"https:\/\/zhendaya.com\/es\/producto\/pantalon-asimetrico\/","title":{"rendered":"Pantal\u00f3n asim\u00e9trico"},"content":{"rendered":"<p>Talla \u00fanica que abarca desde XS hasta L, licra fr\u00eda el\u00e1stica.<\/p>\n","protected":false},"excerpt":{"rendered":"<p>Talla \u00fanica que abarca desde XS hasta L, licra fr\u00eda el\u00e1stica.<\/p>\n","protected":false},"featured_media":5526,"comment_status":"open","ping_status":"closed","template":"","meta":[],"product_brand":[],"product_cat":[290,280,328],"product_tag":[],"class_list":{"0":"post-5527","1":"product","2":"type-product","3":"status-publish","4":"has-post-thumbnail","6":"product_cat-outlet","7":"product_cat-pantalones","8":"product_cat-rebajas","10":"first","11":"instock","12":"sale","13":"shipping-taxable","14":"purchasable","15":"product-type-simple"},"jetpack_sharing_enabled":true,"_links":{"self":[{"href":"https:\/\/zhendaya.com\/es\/wp-json\/wp\/v2\/product\/5527","targetHints":{"allow":["GET"]}}],"collection":[{"href":"https:\/\/zhendaya.com\/es\/wp-json\/wp\/v2\/product"}],"about":[{"href":"https:\/\/zhendaya.com\/es\/wp-json\/wp\/v2\/types\/product"}],"replies":[{"embeddable":true,"href":"https:\/\/zhendaya.com\/es\/wp-json\/wp\/v2\/comments?post=5527"}],"wp:featuredmedia":[{"embeddable":true,"href":"https:\/\/zhendaya.com\/es\/wp-json\/wp\/v2\/media\/5526"}],"wp:attachment":[{"href":"https:\/\/zhendaya.com\/es\/wp-json\/wp\/v2\/media?parent=5527"}],"wp:term":[{"taxonomy":"product_brand","embeddable":true,"href":"https:\/\/zhendaya.com\/es\/wp-json\/wp\/v2\/product_brand?post=5527"},{"taxonomy":"product_cat","embeddable":true,"href":"https:\/\/zhendaya.com\/es\/wp-json\/wp\/v2\/product_cat?post=5527"},{"taxonomy":"product_tag","embeddable":true,"href":"https:\/\/zhendaya.com\/es\/wp-json\/wp\/v2\/product_tag?post=5527"}],"curies":[{"name":"wp","href":"https:\/\/api.w.org\/{rel}","templated":true}]}}