{"id":5867,"date":"2026-02-08T16:31:13","date_gmt":"2026-02-08T16:31:13","guid":{"rendered":"https:\/\/zhendaya.com\/es\/?post_type=product&#038;p=5867"},"modified":"2026-03-11T21:55:08","modified_gmt":"2026-03-11T21:55:08","slug":"chandal-animal-print","status":"publish","type":"product","link":"https:\/\/zhendaya.com\/es\/producto\/chandal-animal-print\/","title":{"rendered":"Ch\u00e1ndal animal print"},"content":{"rendered":"<p>Recomiendo coger una talla m\u00e1s ya que vienen las tallas muy peque\u00f1as, no lleva el\u00e1stico!!!!<\/p>\n","protected":false},"excerpt":{"rendered":"<p>Recomiendo coger una talla m\u00e1s ya que vienen las tallas muy peque\u00f1as, no lleva el\u00e1stico!!!!<\/p>\n","protected":false},"featured_media":5862,"comment_status":"open","ping_status":"closed","template":"","meta":[],"product_brand":[],"product_cat":[40],"product_tag":[],"class_list":{"0":"post-5867","1":"product","2":"type-product","3":"status-publish","4":"has-post-thumbnail","6":"product_cat-blusas","8":"first","9":"instock","10":"sale","11":"shipping-taxable","12":"purchasable","13":"product-type-variable"},"jetpack_sharing_enabled":true,"_links":{"self":[{"href":"https:\/\/zhendaya.com\/es\/wp-json\/wp\/v2\/product\/5867","targetHints":{"allow":["GET"]}}],"collection":[{"href":"https:\/\/zhendaya.com\/es\/wp-json\/wp\/v2\/product"}],"about":[{"href":"https:\/\/zhendaya.com\/es\/wp-json\/wp\/v2\/types\/product"}],"replies":[{"embeddable":true,"href":"https:\/\/zhendaya.com\/es\/wp-json\/wp\/v2\/comments?post=5867"}],"wp:featuredmedia":[{"embeddable":true,"href":"https:\/\/zhendaya.com\/es\/wp-json\/wp\/v2\/media\/5862"}],"wp:attachment":[{"href":"https:\/\/zhendaya.com\/es\/wp-json\/wp\/v2\/media?parent=5867"}],"wp:term":[{"taxonomy":"product_brand","embeddable":true,"href":"https:\/\/zhendaya.com\/es\/wp-json\/wp\/v2\/product_brand?post=5867"},{"taxonomy":"product_cat","embeddable":true,"href":"https:\/\/zhendaya.com\/es\/wp-json\/wp\/v2\/product_cat?post=5867"},{"taxonomy":"product_tag","embeddable":true,"href":"https:\/\/zhendaya.com\/es\/wp-json\/wp\/v2\/product_tag?post=5867"}],"curies":[{"name":"wp","href":"https:\/\/api.w.org\/{rel}","templated":true}]}}