{"id":6348,"date":"2026-04-09T06:32:33","date_gmt":"2026-04-09T06:32:33","guid":{"rendered":"https:\/\/zhendaya.com\/es\/?post_type=product&#038;p=6348"},"modified":"2026-04-09T06:52:33","modified_gmt":"2026-04-09T06:52:33","slug":"conjunto-canale-efecto-tipazo","status":"publish","type":"product","link":"https:\/\/zhendaya.com\/es\/producto\/conjunto-canale-efecto-tipazo\/","title":{"rendered":"Conjunto canal\u00e9 efecto tipazo"},"content":{"rendered":"<p>Conjunto canal\u00e9 el\u00e1stico de dos piezas con top de hombros descubiertos y legging de cintura alta.<\/p>\n<p>Se adapta al cuerpo, marca figura y sienta espectacular. Ideal para diario o para ir arreglada con un toque sporty.<\/p>\n","protected":false},"excerpt":{"rendered":"<p>Conjunto canal\u00e9 el\u00e1stico de dos piezas con top de hombros descubiertos y legging de cintura alta. Se adapta al cuerpo, marca figura y sienta espectacular. Ideal para diario o para ir arreglada con un toque sporty.<\/p>\n","protected":false},"featured_media":6363,"comment_status":"open","ping_status":"closed","template":"","meta":[],"product_brand":[],"product_cat":[40],"product_tag":[],"class_list":{"0":"post-6348","1":"product","2":"type-product","3":"status-publish","4":"has-post-thumbnail","6":"product_cat-blusas","8":"first","9":"instock","10":"shipping-taxable","11":"purchasable","12":"product-type-variable"},"jetpack_sharing_enabled":true,"_links":{"self":[{"href":"https:\/\/zhendaya.com\/es\/wp-json\/wp\/v2\/product\/6348","targetHints":{"allow":["GET"]}}],"collection":[{"href":"https:\/\/zhendaya.com\/es\/wp-json\/wp\/v2\/product"}],"about":[{"href":"https:\/\/zhendaya.com\/es\/wp-json\/wp\/v2\/types\/product"}],"replies":[{"embeddable":true,"href":"https:\/\/zhendaya.com\/es\/wp-json\/wp\/v2\/comments?post=6348"}],"wp:featuredmedia":[{"embeddable":true,"href":"https:\/\/zhendaya.com\/es\/wp-json\/wp\/v2\/media\/6363"}],"wp:attachment":[{"href":"https:\/\/zhendaya.com\/es\/wp-json\/wp\/v2\/media?parent=6348"}],"wp:term":[{"taxonomy":"product_brand","embeddable":true,"href":"https:\/\/zhendaya.com\/es\/wp-json\/wp\/v2\/product_brand?post=6348"},{"taxonomy":"product_cat","embeddable":true,"href":"https:\/\/zhendaya.com\/es\/wp-json\/wp\/v2\/product_cat?post=6348"},{"taxonomy":"product_tag","embeddable":true,"href":"https:\/\/zhendaya.com\/es\/wp-json\/wp\/v2\/product_tag?post=6348"}],"curies":[{"name":"wp","href":"https:\/\/api.w.org\/{rel}","templated":true}]}}